{"id":67,"date":"2012-02-23T23:30:41","date_gmt":"2012-02-23T22:30:41","guid":{"rendered":"http:\/\/jakovljevicisin.com\/?page_id=67"},"modified":"2023-02-26T20:37:21","modified_gmt":"2023-02-26T19:37:21","slug":"o-nama","status":"publish","type":"page","link":"http:\/\/jakovljevicisin.com\/?page_id=67","title":{"rendered":"Usluge i proizvodi"},"content":{"rendered":"<p>&#8220;Jakovljevi\u0107 i Sin&#8221; se bavi delatnostima iz oblasti gra\u0111evinarstva (iskop temelja, podruma, kanala, bunara; ravnanje &#8211; nivelacija terena, navo\u017eenje materijala, &#8230;), kamionskim prevozom rastresitog materijala (\u0161ljunak, pesak, ugalj, zemlja), proizvodnjom peska i \u0161ljunka, drobljenog \u0161ljunka i kamena kao i proizvodnjom, isporukom i ugradnjom fabri\u010dki pripremljenog betona.<\/p>\n<ul>\n<li>Vi\u0161e detalja mo\u017eete videti iz podmenija koji obra\u0111uju ove delatnosti&#8230;<\/li>\n<\/ul>\n","protected":false},"excerpt":{"rendered":"<p>&#8220;Jakovljevi\u0107 i Sin&#8221; se bavi delatnostima iz oblasti gra\u0111evinarstva (iskop temelja, podruma, kanala, bunara; ravnanje &#8211; nivelacija terena, navo\u017eenje materijala, &#8230;), kamionskim prevozom rastresitog materijala (\u0161ljunak, pesak, ugalj, zemlja), proizvodnjom peska i \u0161ljunka, drobljenog \u0161ljunka i kamena kao i proizvodnjom, isporukom i ugradnjom fabri\u010dki pripremljenog betona. Vi\u0161e detalja mo\u017eete videti iz podmenija koji obra\u0111uju ove [&hellip;]<\/p>\n","protected":false},"author":1,"featured_media":0,"parent":0,"menu_order":0,"comment_status":"closed","ping_status":"open","template":"","meta":{"footnotes":""},"class_list":["post-67","page","type-page","status-publish","hentry"],"_links":{"self":[{"href":"http:\/\/jakovljevicisin.com\/index.php?rest_route=\/wp\/v2\/pages\/67","targetHints":{"allow":["GET"]}}],"collection":[{"href":"http:\/\/jakovljevicisin.com\/index.php?rest_route=\/wp\/v2\/pages"}],"about":[{"href":"http:\/\/jakovljevicisin.com\/index.php?rest_route=\/wp\/v2\/types\/page"}],"author":[{"embeddable":true,"href":"http:\/\/jakovljevicisin.com\/index.php?rest_route=\/wp\/v2\/users\/1"}],"replies":[{"embeddable":true,"href":"http:\/\/jakovljevicisin.com\/index.php?rest_route=%2Fwp%2Fv2%2Fcomments&post=67"}],"version-history":[{"count":4,"href":"http:\/\/jakovljevicisin.com\/index.php?rest_route=\/wp\/v2\/pages\/67\/revisions"}],"predecessor-version":[{"id":113,"href":"http:\/\/jakovljevicisin.com\/index.php?rest_route=\/wp\/v2\/pages\/67\/revisions\/113"}],"wp:attachment":[{"href":"http:\/\/jakovljevicisin.com\/index.php?rest_route=%2Fwp%2Fv2%2Fmedia&parent=67"}],"curies":[{"name":"wp","href":"https:\/\/api.w.org\/{rel}","templated":true}]}}