{"id":10,"date":"2012-02-07T11:41:26","date_gmt":"2012-02-07T10:41:26","guid":{"rendered":"http:\/\/jakovljevicisin.com\/?page_id=10"},"modified":"2012-02-23T23:48:40","modified_gmt":"2012-02-23T22:48:40","slug":"about","status":"publish","type":"page","link":"http:\/\/jakovljevicisin.com\/?page_id=10","title":{"rendered":"Istorijat"},"content":{"rendered":"<p>Naziv &#8220;Jakovljevi\u0107 i Sin&#8221; datira s&#8217; kraja pro\u0161log veka, ali je firma menjala naziv i strukturu vi\u0161e puta. Ali krenimo redom&#8230;<\/p>\n<p>Sredinom sedamdesetih godina, ve\u0107 pomenutog, 20og veka, Nenad Jakovljevi\u0107 je registrovao prvu privatnu autoprevozni\u010dku radnju na teritoriji Sokobanje&#8230;<\/p>\n<blockquote><p>\u00a0&#8230; nastavi\u0107emo uskoro!<\/p><\/blockquote>\n","protected":false},"excerpt":{"rendered":"<p>Naziv &#8220;Jakovljevi\u0107 i Sin&#8221; datira s&#8217; kraja pro\u0161log veka, ali je firma menjala naziv i strukturu vi\u0161e puta. Ali krenimo redom&#8230; Sredinom sedamdesetih godina, ve\u0107 pomenutog, 20og veka, Nenad Jakovljevi\u0107 je registrovao prvu privatnu autoprevozni\u010dku radnju na teritoriji Sokobanje&#8230; \u00a0&#8230; nastavi\u0107emo uskoro!<\/p>\n","protected":false},"author":1,"featured_media":0,"parent":70,"menu_order":1,"comment_status":"closed","ping_status":"closed","template":"","meta":{"footnotes":""},"class_list":["post-10","page","type-page","status-publish","hentry"],"_links":{"self":[{"href":"http:\/\/jakovljevicisin.com\/index.php?rest_route=\/wp\/v2\/pages\/10","targetHints":{"allow":["GET"]}}],"collection":[{"href":"http:\/\/jakovljevicisin.com\/index.php?rest_route=\/wp\/v2\/pages"}],"about":[{"href":"http:\/\/jakovljevicisin.com\/index.php?rest_route=\/wp\/v2\/types\/page"}],"author":[{"embeddable":true,"href":"http:\/\/jakovljevicisin.com\/index.php?rest_route=\/wp\/v2\/users\/1"}],"replies":[{"embeddable":true,"href":"http:\/\/jakovljevicisin.com\/index.php?rest_route=%2Fwp%2Fv2%2Fcomments&post=10"}],"version-history":[{"count":15,"href":"http:\/\/jakovljevicisin.com\/index.php?rest_route=\/wp\/v2\/pages\/10\/revisions"}],"predecessor-version":[{"id":81,"href":"http:\/\/jakovljevicisin.com\/index.php?rest_route=\/wp\/v2\/pages\/10\/revisions\/81"}],"up":[{"embeddable":true,"href":"http:\/\/jakovljevicisin.com\/index.php?rest_route=\/wp\/v2\/pages\/70"}],"wp:attachment":[{"href":"http:\/\/jakovljevicisin.com\/index.php?rest_route=%2Fwp%2Fv2%2Fmedia&parent=10"}],"curies":[{"name":"wp","href":"https:\/\/api.w.org\/{rel}","templated":true}]}}